{"id":184,"date":"2020-12-21T18:25:51","date_gmt":"2020-12-21T21:25:51","guid":{"rendered":"http:\/\/unpadvogados.com.br\/eng\/?page_id=184"},"modified":"2021-03-02T16:12:39","modified_gmt":"2021-03-02T19:12:39","slug":"direito-tributario","status":"publish","type":"page","link":"https:\/\/unpadvogados.com.br\/eng\/direito-tributario\/","title":{"rendered":"Direito Tribut\u00e1rio"},"content":{"rendered":"<p>[et_pb_section fb_built=&#8221;1&#8243; _builder_version=&#8221;4.7.5&#8243; _module_preset=&#8221;default&#8221; background_image=&#8221;http:\/\/unpadvogados.com.br\/eng\/wp-content\/uploads\/2020\/12\/fundo-balanca.jpg&#8221; parallax=&#8221;on&#8221;][et_pb_row admin_label=&#8221;Team Area&#8221; _builder_version=&#8221;3.25&#8243; locked=&#8221;off&#8221;][et_pb_column type=&#8221;4_4&#8243; _builder_version=&#8221;3.25&#8243; custom_padding=&#8221;|||&#8221; custom_padding__hover=&#8221;|||&#8221;][et_pb_image src=&#8221;http:\/\/unpadvogados.com.br\/eng\/wp-content\/uploads\/2020\/12\/unp_areas_direitotributario.png&#8221; title_text=&#8221;unp_areas_direitotributario&#8221; align=&#8221;center&#8221; _builder_version=&#8221;4.7.5&#8243; _module_preset=&#8221;default&#8221; custom_margin=&#8221;||-2px|||&#8221; filter_saturate=&#8221;0%&#8221; filter_brightness=&#8221;200%&#8221; filter_invert=&#8221;100%&#8221; filter_sepia=&#8221;100%&#8221;][\/et_pb_image][et_pb_text admin_label=&#8221;Title&#8221; _builder_version=&#8221;4.7.5&#8243; text_font=&#8221;||||||||&#8221; header_font=&#8221;||||||||&#8221; header_2_font=&#8221;Playfair Display||||||||&#8221; header_2_text_align=&#8221;center&#8221; header_2_font_size=&#8221;48px&#8221; header_2_line_height=&#8221;1.6em&#8221; background_layout=&#8221;dark&#8221; custom_margin=&#8221;||10px|&#8221; custom_padding=&#8221;|||&#8221; animation_style=&#8221;fade&#8221; header_2_font_size_tablet=&#8221;40px&#8221; header_2_font_size_phone=&#8221;&#8221; header_2_font_size_last_edited=&#8221;on|tablet&#8221;]<\/p>\n<h2>Tax Law<\/h2>\n<p>[\/et_pb_text][et_pb_divider color=&#8221;#ffa40d&#8221; divider_position=&#8221;center&#8221; divider_weight=&#8221;3px&#8221; _builder_version=&#8221;3.2&#8243; max_width=&#8221;70px&#8221; module_alignment=&#8221;center&#8221; animation_style=&#8221;slide&#8221; animation_direction=&#8221;top&#8221; animation_intensity_slide=&#8221;10%&#8221; animation_starting_opacity=&#8221;100%&#8221;][\/et_pb_divider][\/et_pb_column][\/et_pb_row][\/et_pb_section][et_pb_section fb_built=&#8221;1&#8243; admin_label=&#8221;Team Section&#8221; module_id=&#8221;profissionais&#8221; _builder_version=&#8221;4.7.5&#8243; background_color=&#8221;#f7f7f7&#8243; custom_margin=&#8221;|||&#8221; custom_padding=&#8221;95px||140px|||&#8221;][et_pb_row make_equal=&#8221;on&#8221; admin_label=&#8221;Team Area&#8221; _builder_version=&#8221;4.7.5&#8243;][et_pb_column type=&#8221;4_4&#8243; _builder_version=&#8221;3.25&#8243; custom_padding=&#8221;|||&#8221; custom_padding__hover=&#8221;|||&#8221;][et_pb_text _builder_version=&#8221;4.7.5&#8243; _module_preset=&#8221;default&#8221;]<\/p>\n<p>Intending to reduce the tax burden that impacts people\u2019s individual and corporate financial planning, UNP Attorneys has got tax law professionals, who work both in the administrative field and in the judicial area. Our office also offers tax advisory services, answering any doubts regarding the many taxes that pervade people\u2019s relations with the public administration.<\/p>\n<p>&nbsp;<\/p>\n<ul>\n<li>Respondent\u2019s defense in administrative procedures (City, State and Federal);<\/li>\n<li>Respondent\u2019s defense in judicial procedures (overdue tax liability);<\/li>\n<li>Creation and use of legal arguments to seek the reduction\/exemption\/annulment of tax collections;<\/li>\n<li>Usage of current well-grounded legal arguments.<\/li>\n<\/ul>\n<p>[\/et_pb_text][et_pb_divider color=&#8221;#9b9b9b&#8221; _builder_version=&#8221;4.7.5&#8243; _module_preset=&#8221;default&#8221;][\/et_pb_divider][\/et_pb_column][\/et_pb_row][et_pb_row _builder_version=&#8221;4.7.5&#8243; _module_preset=&#8221;default&#8221; global_module=&#8221;147&#8243; saved_tabs=&#8221;all&#8221;][et_pb_column type=&#8221;4_4&#8243; _builder_version=&#8221;4.7.5&#8243; _module_preset=&#8221;default&#8221;][et_pb_social_media_follow _builder_version=&#8221;4.7.5&#8243; _module_preset=&#8221;default&#8221; text_orientation=&#8221;center&#8221; custom_margin=&#8221;||14px|||&#8221;][et_pb_social_media_follow_network social_network=&#8221;facebook&#8221; url=&#8221;https:\/\/www.facebook.com\/UlafNechiADV&#8221; icon_color=&#8221;#000000&#8243; _builder_version=&#8221;4.7.5&#8243; _module_preset=&#8221;default&#8221; background_color=&#8221;#A5945E&#8221; background_enable_color=&#8221;on&#8221; custom_button=&#8221;on&#8221; button_text_color=&#8221;#ffffff&#8221; follow_button=&#8221;off&#8221; url_new_window=&#8221;on&#8221;]facebook[\/et_pb_social_media_follow_network][et_pb_social_media_follow_network social_network=&#8221;instagram&#8221; url=&#8221;http:\/\/instagram.com\/unpadvogados&#8221; icon_color=&#8221;#000000&#8243; _builder_version=&#8221;4.7.5&#8243; _module_preset=&#8221;default&#8221; background_color=&#8221;#A5945E&#8221; background_enable_color=&#8221;on&#8221; follow_button=&#8221;off&#8221; url_new_window=&#8221;on&#8221;]instagram[\/et_pb_social_media_follow_network][et_pb_social_media_follow_network social_network=&#8221;linkedin&#8221; url=&#8221;http:\/\/instagram.com\/unpadvogados&#8221; icon_color=&#8221;#000000&#8243; _builder_version=&#8221;4.7.5&#8243; _module_preset=&#8221;default&#8221; background_color=&#8221;#A5945E&#8221; background_enable_color=&#8221;on&#8221; follow_button=&#8221;off&#8221; url_new_window=&#8221;on&#8221;]linkedin[\/et_pb_social_media_follow_network][\/et_pb_social_media_follow][et_pb_text _builder_version=&#8221;4.7.5&#8243; _module_preset=&#8221;default&#8221; header_4_font=&#8221;Prata||||||||&#8221; background_layout=&#8221;dark&#8221;]<\/p>\n<h4 style=\"text-align: center;\"><span style=\"color: #000000;\"><strong>CURITIBA HEADQUARTERS:<\/strong>\u00a0<img decoding=\"async\" loading=\"lazy\" src=\"http:\/\/unpadvogados.com.br\/eng\/wp-content\/uploads\/2020\/12\/WHATSAPP_icone.png\" width=\"17\" height=\"17\" alt=\"\" class=\"wp-image-37 alignnone size-full\" \/>\u00a0<a href=\"https:\/\/api.whatsapp.com\/send?phone=5541992460664&amp;text=Mensagem%20via%20Site\" target=\"_blank\" rel=\"noopener noreferrer\" style=\"color: #000000;\">+55 (41) 99246-0664<\/a><\/span><\/h4>\n<h4 style=\"text-align: center;\"><span style=\"color: #000000;\"><strong>MARING\u00c1 BRANCH:<\/strong>\u00a0<img decoding=\"async\" loading=\"lazy\" src=\"http:\/\/unpadvogados.com.br\/eng\/wp-content\/uploads\/2020\/12\/WHATSAPP_icone.png\" width=\"17\" height=\"17\" alt=\"\" class=\"wp-image-37 alignnone size-full\" \/>\u00a0+55\u00a0<a href=\"\/\/api.whatsapp.com\/send?phone=5544988020258&amp;text=Mensagem%20via%20Site\" target=\"_blank\" rel=\"noopener noreferrer\" style=\"color: #000000;\">(44) 98802-0258<\/a><\/span><\/h4>\n<p>[\/et_pb_text][et_pb_button button_url=&#8221;http:\/\/unpadvogados.com.br\/eng&#8221; button_text=&#8221;Back&#8221; button_alignment=&#8221;center&#8221; _builder_version=&#8221;4.8.2&#8243; _module_preset=&#8221;default&#8221; custom_button=&#8221;on&#8221; button_text_size=&#8221;17px&#8221; button_text_color=&#8221;#000000&#8243;][\/et_pb_button][\/et_pb_column][\/et_pb_row][\/et_pb_section][et_pb_section fb_built=&#8221;1&#8243; admin_label=&#8221;CTA Section&#8221; module_id=&#8221;contato&#8221; _builder_version=&#8221;4.7.5&#8243; use_background_color_gradient=&#8221;on&#8221; background_color_gradient_start=&#8221;#313e47&#8243; background_color_gradient_end=&#8221;rgba(49,62,71,0.5)&#8221; background_color_gradient_overlays_image=&#8221;on&#8221; background_image=&#8221;http:\/\/unpadvogados.com.br\/eng\/wp-content\/uploads\/2020\/12\/fundo-textura1.jpg&#8221; custom_padding=&#8221;200px|0px|200px|&#8221; border_color_all=&#8221;#26333a&#8221; border_width_left=&#8221;8vw&#8221; global_module=&#8221;395&#8243; saved_tabs=&#8221;all&#8221; locked=&#8221;off&#8221;][et_pb_row column_structure=&#8221;1_3,1_3,1_3&#8243; use_custom_gutter=&#8221;on&#8221; gutter_width=&#8221;2&#8243; admin_label=&#8221;CTA Area&#8221; _builder_version=&#8221;4.7.7&#8243; max_width=&#8221;1557px&#8221; locked=&#8221;off&#8221;][et_pb_column type=&#8221;1_3&#8243; _builder_version=&#8221;3.25&#8243; custom_padding=&#8221;|||&#8221; custom_padding__hover=&#8221;|||&#8221;][et_pb_text admin_label=&#8221;Title&#8221; _builder_version=&#8221;4.8.2&#8243; text_font=&#8221;||||||||&#8221; header_font=&#8221;||||||||&#8221; header_2_font=&#8221;Prata||||||||&#8221; header_2_font_size=&#8221;39px&#8221; header_2_line_height=&#8221;1.6em&#8221; header_4_line_height=&#8221;1.4em&#8221; background_layout=&#8221;dark&#8221; module_alignment=&#8221;center&#8221; custom_margin=&#8221;|||&#8221; custom_padding=&#8221;|||&#8221; animation_style=&#8221;fade&#8221; header_2_font_size_tablet=&#8221;40px&#8221; header_2_font_size_phone=&#8221;&#8221; header_2_font_size_last_edited=&#8221;on|tablet&#8221; locked=&#8221;off&#8221;]<\/p>\n<h2><img decoding=\"async\" loading=\"lazy\" src=\"http:\/\/unpadvogados.com.br\/eng\/wp-content\/uploads\/2020\/12\/icon_localizacao.png\" width=\"21\" height=\"30\" alt=\"\" class=\"wp-image-104 alignnone size-full\" \/>\u00a0Curitiba Headquarters<\/h2>\n<h4>Avenida Candido de Abreu, 526<br \/> Conj. 1.205 &#8211; Torre A<br \/> Curitiba\/PR &#8211; CEP 80.530-905<\/h4>\n<h4><\/h4>\n<h4>Phone: +55 (41) 3253-4970<br \/> Phone: +55 (41)\u00a0<span>99246-0664\u00a0<\/span><img decoding=\"async\" loading=\"lazy\" src=\"http:\/\/unpadvogados.com.br\/eng\/wp-content\/uploads\/2020\/12\/WHATSAPP_icone.png\" width=\"20\" height=\"23\" alt=\"\" class=\"wp-image-37 alignnone size-full\" \/><\/h4>\n<h4><span><\/span><a href=\"mailto:curitiba@unpadvogados.com.br\">curitiba@unpadvogados.com.br<\/a><\/h4>\n<p>[\/et_pb_text][et_pb_map address=&#8221;Av. C\u00e2ndido de Abreu, 526 &#8211; Centro C\u00edvico, Curitiba &#8211; PR, 80530-000, Brasil&#8221; zoom_level=&#8221;17&#8243; address_lat=&#8221;-25.420048&#8243; address_lng=&#8221;-49.2680503&#8243; _builder_version=&#8221;4.8.2&#8243; _module_preset=&#8221;default&#8221; width=&#8221;62%&#8221; max_height=&#8221;184px&#8221; border_radii=&#8221;on|20px|20px|20px|20px&#8221; box_shadow_style=&#8221;preset2&#8243;][et_pb_map_pin title=&#8221;Matriz Curitiba&#8221; pin_address=&#8221;Av. C\u00e2ndido de Abreu, 526, Sala 401, 4\u00ba Andar &#8211; Centro C\u00edvico, Curitiba &#8211; PR, 80530-000, Brasil&#8221; pin_address_lat=&#8221;-25.41978636633&#8243; pin_address_lng=&#8221;-49.26881204736&#8243; _builder_version=&#8221;4.8.2&#8243; _module_preset=&#8221;default&#8221;]<\/p>\n<h4>Avenida Candido de Abreu, 526<br \/>Conj. 1.205 &#8211; Torre A<br \/>Curitiba\/PR &#8211; CEP 80.530-905<\/h4>\n<p>[\/et_pb_map_pin][\/et_pb_map][\/et_pb_column][et_pb_column type=&#8221;1_3&#8243; _builder_version=&#8221;3.25&#8243; custom_padding=&#8221;|||&#8221; custom_padding__hover=&#8221;|||&#8221;][et_pb_text admin_label=&#8221;Title&#8221; _builder_version=&#8221;4.7.5&#8243; text_font=&#8221;||||||||&#8221; header_font=&#8221;||||||||&#8221; header_2_font=&#8221;Prata||||||||&#8221; header_2_font_size=&#8221;39px&#8221; header_2_line_height=&#8221;1.6em&#8221; header_4_line_height=&#8221;1.4em&#8221; background_layout=&#8221;dark&#8221; module_alignment=&#8221;center&#8221; custom_margin=&#8221;|||&#8221; custom_padding=&#8221;|||&#8221; animation_style=&#8221;fade&#8221; header_2_font_size_tablet=&#8221;40px&#8221; header_2_font_size_phone=&#8221;&#8221; header_2_font_size_last_edited=&#8221;on|tablet&#8221; locked=&#8221;off&#8221;]<\/p>\n<h2><img decoding=\"async\" loading=\"lazy\" src=\"http:\/\/unpadvogados.com.br\/eng\/wp-content\/uploads\/2020\/12\/icon_localizacao.png\" width=\"21\" height=\"30\" alt=\"\" class=\"wp-image-104 alignnone size-full\" \/>\u00a0Maring\u00e1 Branch<\/h2>\n<h4>Rua Marqu\u00eas de Abrantes, n.\u00ba 763 <br \/>Conjuntos 01 e 02 &#8211; Bairro Zona 07<br \/>Maring\u00e1\/PR &#8211; CEP 87.020-170<\/h4>\n<h4><\/h4>\n<h4>Phone: +55 (44) 3305-3996<br \/>Phone: +55 (44) 98802-0258\u00a0\u00a0<img decoding=\"async\" loading=\"lazy\" src=\"http:\/\/unpadvogados.com.br\/eng\/wp-content\/uploads\/2020\/12\/WHATSAPP_icone.png\" width=\"20\" height=\"23\" alt=\"\" class=\"wp-image-37 alignnone size-full\" \/><\/h4>\n<h4><a href=\"mailto:maringa@unpadvogados.com.br\">maringa@unpadvogados.com.br<\/a><\/h4>\n<p>[\/et_pb_text][et_pb_map address=&#8221;R. Marqu\u00eas de Abrantes &#8211; Zona 7, Maring\u00e1 &#8211; PR, Brasil&#8221; zoom_level=&#8221;16&#8243; address_lat=&#8221;-23.41165669995&#8243; address_lng=&#8221;-51.945639199475&#8243; _builder_version=&#8221;4.8.2&#8243; _module_preset=&#8221;default&#8221; width=&#8221;62%&#8221; max_height=&#8221;184px&#8221; border_radii=&#8221;on|20px|20px|20px|20px&#8221; box_shadow_style=&#8221;preset2&#8243;][et_pb_map_pin title=&#8221;Filial Maring\u00e1&#8221; pin_address=&#8221;R. Tiet\u00ea, 545 &#8211; Zona 7, Maring\u00e1 &#8211; PR, 87020-210, Brasil&#8221; zoom_level=&#8221;17&#8243; pin_address_lat=&#8221;-23.411307181688&#8243; pin_address_lng=&#8221;-51.945912784795&#8243; _builder_version=&#8221;4.8.2&#8243; _module_preset=&#8221;default&#8221;]<\/p>\n<h4>Rua Marqu\u00eas de Abrantes, n.\u00ba 763<br \/>Conjuntos 01 e 02 &#8211; Bairro Zona 07<br \/>Maring\u00e1\/PR &#8211; CEP 87.020-170<\/h4>\n<p>[\/et_pb_map_pin][\/et_pb_map][\/et_pb_column][et_pb_column type=&#8221;1_3&#8243; _builder_version=&#8221;3.25&#8243; custom_padding=&#8221;|||&#8221; custom_padding__hover=&#8221;|||&#8221;][et_pb_image src=&#8221;http:\/\/unpadvogados.com.br\/eng\/wp-content\/uploads\/2021\/01\/selo_pequenoprincipe.png&#8221; title_text=&#8221;selo_pequenoprincipe&#8221; _builder_version=&#8221;4.7.7&#8243; _module_preset=&#8221;default&#8221;][\/et_pb_image][\/et_pb_column][\/et_pb_row][\/et_pb_section]<\/p>\n","protected":false},"excerpt":{"rendered":"<p>Tax LawIntending to reduce the tax burden that impacts people\u2019s individual and corporate financial planning, UNP Attorneys has got tax law professionals, who work both in the administrative field and in the judicial area. Our office also offers tax advisory services, answering any doubts regarding the many taxes that pervade people\u2019s relations with the public [&hellip;]<\/p>\n","protected":false},"author":2,"featured_media":0,"parent":0,"menu_order":0,"comment_status":"closed","ping_status":"closed","template":"","meta":{"_et_pb_use_builder":"on","_et_pb_old_content":"","_et_gb_content_width":""},"_links":{"self":[{"href":"https:\/\/unpadvogados.com.br\/eng\/wp-json\/wp\/v2\/pages\/184"}],"collection":[{"href":"https:\/\/unpadvogados.com.br\/eng\/wp-json\/wp\/v2\/pages"}],"about":[{"href":"https:\/\/unpadvogados.com.br\/eng\/wp-json\/wp\/v2\/types\/page"}],"author":[{"embeddable":true,"href":"https:\/\/unpadvogados.com.br\/eng\/wp-json\/wp\/v2\/users\/2"}],"replies":[{"embeddable":true,"href":"https:\/\/unpadvogados.com.br\/eng\/wp-json\/wp\/v2\/comments?post=184"}],"version-history":[{"count":5,"href":"https:\/\/unpadvogados.com.br\/eng\/wp-json\/wp\/v2\/pages\/184\/revisions"}],"predecessor-version":[{"id":463,"href":"https:\/\/unpadvogados.com.br\/eng\/wp-json\/wp\/v2\/pages\/184\/revisions\/463"}],"wp:attachment":[{"href":"https:\/\/unpadvogados.com.br\/eng\/wp-json\/wp\/v2\/media?parent=184"}],"curies":[{"name":"wp","href":"https:\/\/api.w.org\/{rel}","templated":true}]}}